{"id":62,"date":"2018-05-27T18:39:46","date_gmt":"2018-05-27T18:39:46","guid":{"rendered":"http:\/\/www.sebastianloos.de\/?page_id=62"},"modified":"2018-05-30T19:20:32","modified_gmt":"2018-05-30T19:20:32","slug":"datenschutzerklarung","status":"publish","type":"page","link":"https:\/\/www.sebastianloos.de\/?page_id=62","title":{"rendered":"Datenschutzerkl\u00e4rung"},"content":{"rendered":"<div id=\"privacy\" class=\"privacy\">\n<div class=\"ce_text privacy_item general_part1 block\">\n<h1>Datenschutzerkl\u00e4rung<\/h1>\n<p>Mit dieser Datenschutzerkl\u00e4rung m\u00f6chten wir Sie \u00fcber Art, Umfang und Zweck der Verarbeitung von personenbezogenen Daten auf unserer Webseite aufkl\u00e4ren. Personenbezogene Daten sind alle Daten, die einen pers\u00f6nlichen Bezug zu Ihnen aufweisen, z. B. Name, Adresse, E-Mail-Adresse oder Nutzerverhalten.<\/p>\n<\/div>\n<div class=\"ce_text privacy_item contact_responsible block\">\n<h2><strong>Wer bei uns f\u00fcr die Datenverarbeitung verantwortlich ist<\/strong><\/h2>\n<p>Verantwortlich f\u00fcr die Datenverarbeitung ist:<\/p>\n<p>Sebastian Loos<br \/>\nEmilie-Binder-Str. 2c<br \/>\n75180 Pforzheim<\/p>\n<\/div>\n<div class=\"ce_text privacy_item external_hosting block\">\n<h2>Webhosting<\/h2>\n<p>Wir bedienen uns zum Vorhalten unserer Onlinepr\u00e4senz eines Internet-Service-Providers, auf dessen Server die Webseite gespeichert wird (Hosting) und der unsere Seite im Internet verf\u00fcgbar macht. Hierbei verarbeitet der Internet-Service-Providers in unserem Auftrag Kontaktdaten, Inhaltsdaten, Vertragsdaten, Nutzungsdaten, Bestandsdaten sowie Meta- und Kommunikationsdaten. Rechtsgrundlage: Rechtsgrundlage f\u00fcr die vorbeschriebene Verarbeitung ist unser berechtigtes Interesse an einer effizienten und sicheren Zurverf\u00fcgungstellung unseres Onlineangebotes, Art. 6 Abs. 1 lit. f DSGVO i. V. m. Art. 28 DSGVO (Auftragsverarbeitungsvertrag).<\/p>\n<div class=\"ce_text block\">\n<p>Sofern Sie unsere Webseite lediglich informatorisch nutzen, werden von unserem Internet-Service-Provider nur diejenigen personenbezogenen Daten erhoben, die der von Ihnen verwendete Browser an dessen Server \u00fcbermittelt. Das sind folgende Daten:<\/p>\n<ul>\n<li>IP-Adresse<\/li>\n<li>das Datum und die Uhrzeit des Zugriffs auf unsere Internetseite<\/li>\n<li>Zeitzonendifferenz zur Greenwich Mean Time (GMT)<\/li>\n<li>Zugriffsstatus (HTTP-Status)<\/li>\n<li>die \u00fcbertragene Datenmenge<\/li>\n<li>der Internet-Service-Provider des zugreifenden Systems<\/li>\n<li>der von Ihnen verwendete Browsertyp und dessen Version<\/li>\n<li>das von Ihnen verwendete Betriebssystem<\/li>\n<li>die Internetseite, von welcher Sie gegebenenfalls auf unsere Internetseite gelangt sind<\/li>\n<li>die Seiten bzw. Unterseiten, welche Sie auf unserer Internetseite besuchen.<\/li>\n<\/ul>\n<p>Die vorgenannten Daten werden als Logfiles auf den Servern unseres Internet-Service-Providers gespeichert. Dies ist erforderlich, um die Webseite auf dem von Ihnen genutzten Endger\u00e4t darstellen zu k\u00f6nnen, sowie die Stabilit\u00e4t und Sicherheit zu gew\u00e4hrleisten. In den vorstehenden Zwecken liegt unser berechtigtes Interesse an der Datenverarbeitung. <strong>Rechtsgrundlage:<\/strong> Rechtsgrundlage hierf\u00fcr ist Art. 6 Abs. 1 S. 1 lit. f DSGVO. <strong>Dauer:<\/strong> Die vorstehenden Daten zur Bereitstellung unserer Webseite werden f\u00fcr die Dauer von 7 Tagen gespeichert und dann gel\u00f6scht. <strong>Verhinderung:<\/strong> Da die Verarbeitung der vorstehenden Daten f\u00fcr die Bereitstellung unseres Internetauftritts zwingend erforderlich ist, besteht kein Widerspruchsrecht.<\/p>\n<\/div>\n<\/div>\n<div class=\"ce_text privacy_item general_part2 block\">\n<h2><strong>Speicherdauer\/L\u00f6schung<\/strong><\/h2>\n<p>Wir l\u00f6schen oder sperren Ihre personenbezogenen Daten, sobald der Zweck der Speicherung erreicht ist oder entf\u00e4llt. Eine dar\u00fcberhinausgehende Speicherung erfolgt nur, wenn uns dies durch nationale oder europ\u00e4ische Vorschriften aufgegeben wird. Eine Sperrung oder L\u00f6schung der Daten erfolgt in diesem Fall dann, wenn die in den jeweiligen Vorschriften vorgeschriebene Speicherfrist abgelaufen ist, es sei denn wir ben\u00f6tigen Ihre Daten zur Erf\u00fcllung eines zwischen uns geschlossenen Vertrages oder wenn dies zur Geltendmachung, Aus\u00fcbung oder Verteidigung von Rechtsanspr\u00fcchen erforderlich ist.<\/p>\n<\/div>\n<div class=\"ce_text privacy_item blog block\"><\/div>\n<div class=\"ce_text privacy_item general_part3 block\">\n<h2>Widerrufsrecht<\/h2>\n<p>Gem\u00e4\u00df Art. 7 Abs. 3 DSGVO steht Ihnen das Recht zu, Ihre erteilte Einwilligung in die Verarbeitung Ihrer Daten jederzeit uns gegen\u00fcber zu widerrufen. Der von Ihnen erkl\u00e4rte Widerruf \u00e4ndert nichts an der Rechtm\u00e4\u00dfigkeit der bis zum Widerruf erfolgten Verarbeitung Ihrer personenbezogenen Daten.<\/p>\n<h2>Widerspruchsrecht<\/h2>\n<p>Sie haben das Recht, aus Gr\u00fcnden, die sich aus Ihrer besonderen Situation ergeben, jederzeit gegen die Verarbeitung der Sie betreffenden personenbezogenen Daten, die aufgrund einer Interessenabw\u00e4gung (Art. 6 Abs. 1 lit. f DSGVO) erfolgt, Widerspruch einzulegen. Dies ist insbesondere dann der Fall, wenn die Datenverarbeitung nicht zur Erf\u00fcllung eines Vertrages erforderlich ist. Sofern Sie von Ihrem Widerspruchsrecht Gebrauch machen, bitten wir Sie um die Darlegung der Gr\u00fcnde. Wir werden Ihre personenbezogenen Daten dann nicht mehr verarbeiten, es sei denn, wir k\u00f6nnen Ihnen gegen\u00fcber nachweisen, dass zwingende schutzw\u00fcrdige Gr\u00fcnde an der Datenverarbeitung Ihre Interessen und Rechte \u00fcberwiegen.<\/p>\n<p><strong>Unabh\u00e4ngig vom vorstehend Gesagten, haben Sie das jederzeitige Recht, der Verarbeitung Ihrer personenbezogenen Daten f\u00fcr Zwecke der Werbung und Datenanalyse zu widersprechen.<\/strong><\/p>\n<p>Ihren Widerspruch richten Sie bitte an die oben angegebene Kontaktadresse des Verantwortlichen.<\/p>\n<\/div>\n<div class=\"ce_text privacy_item general_part4 block\">\n<h2><strong>Sicherheitsma\u00dfnahmen<\/strong><\/h2>\n<p>Wir treffen im \u00dcbrigen technische und organisatorische Sicherheitsma\u00dfnahmen nach dem Stand der Technik, um die Vorschriften der Datenschutzgesetze einzuhalten und Ihre Daten gegen zuf\u00e4llige oder vors\u00e4tzliche Manipulationen, teilweisen oder vollst\u00e4ndigen Verlust, Zerst\u00f6rung oder gegen den unbefugten Zugriff Dritter zu sch\u00fctzen.<\/p>\n<h2><strong>Aktualit\u00e4t und \u00c4nderung dieser Datenschutzerkl\u00e4rung<\/strong><\/h2>\n<p>Diese Datenschutzerkl\u00e4rung ist aktuell g\u00fcltig und hat den Stand Mai 2018. Aufgrund ge\u00e4nderter gesetzlicher bzw. beh\u00f6rdlicher Vorgaben kann es notwendig werden, diese Datenschutzerkl\u00e4rung anzupassen.<\/p>\n<p>Diese Datenschutzerkl\u00e4rung wurde mit Hilfe des Datenschutzerkl\u00e4rungs-Generator von <a class=\"externalLink\" title=\"SOS Recht\" href=\"https:\/\/datenschutz.sos-recht.de\" target=\"_blank\" rel=\"noopener\">SOS Recht<\/a> erstellt. SOS Recht ist ein Angebot der <a class=\"externalLink\" title=\"MMR M\u00fcller M\u00fcller R\u00f6\u00dfner Rechtsanw\u00e4lte Partnerschaft\" href=\"http:\/\/mueller-roessner.net\" target=\"_blank\" rel=\"noopener\">MMR M\u00fcller M\u00fcller R\u00f6\u00dfner Rechtsanw\u00e4lte Partnerschaft<\/a> mit Sitz in Berlin.<\/p>\n<\/div>\n<\/div>\n","protected":false},"excerpt":{"rendered":"<p>Datenschutzerkl\u00e4rung Mit dieser Datenschutzerkl\u00e4rung m\u00f6chten wir Sie \u00fcber Art, Umfang und Zweck der Verarbeitung von personenbezogenen Daten auf unserer Webseite aufkl\u00e4ren. Personenbezogene Daten sind alle Daten, die einen pers\u00f6nlichen Bezug zu Ihnen aufweisen, z. B. Name, Adresse, E-Mail-Adresse oder Nutzerverhalten. Wer bei uns f\u00fcr die Datenverarbeitung verantwortlich ist Verantwortlich f\u00fcr die Datenverarbeitung ist: Sebastian Loos &hellip; <\/p>\n<p class=\"link-more\"><a href=\"https:\/\/www.sebastianloos.de\/?page_id=62\" class=\"more-link\">Continue reading<span class=\"screen-reader-text\"> &#8220;Datenschutzerkl\u00e4rung&#8221;<\/span><\/a><\/p>\n","protected":false},"author":1,"featured_media":0,"parent":0,"menu_order":0,"comment_status":"closed","ping_status":"closed","template":"","meta":{"footnotes":""},"class_list":["post-62","page","type-page","status-publish","hentry"],"_links":{"self":[{"href":"https:\/\/www.sebastianloos.de\/index.php?rest_route=\/wp\/v2\/pages\/62","targetHints":{"allow":["GET"]}}],"collection":[{"href":"https:\/\/www.sebastianloos.de\/index.php?rest_route=\/wp\/v2\/pages"}],"about":[{"href":"https:\/\/www.sebastianloos.de\/index.php?rest_route=\/wp\/v2\/types\/page"}],"author":[{"embeddable":true,"href":"https:\/\/www.sebastianloos.de\/index.php?rest_route=\/wp\/v2\/users\/1"}],"replies":[{"embeddable":true,"href":"https:\/\/www.sebastianloos.de\/index.php?rest_route=%2Fwp%2Fv2%2Fcomments&post=62"}],"version-history":[{"count":3,"href":"https:\/\/www.sebastianloos.de\/index.php?rest_route=\/wp\/v2\/pages\/62\/revisions"}],"predecessor-version":[{"id":70,"href":"https:\/\/www.sebastianloos.de\/index.php?rest_route=\/wp\/v2\/pages\/62\/revisions\/70"}],"wp:attachment":[{"href":"https:\/\/www.sebastianloos.de\/index.php?rest_route=%2Fwp%2Fv2%2Fmedia&parent=62"}],"curies":[{"name":"wp","href":"https:\/\/api.w.org\/{rel}","templated":true}]}}